{"id":8128,"date":"2025-06-12T12:09:03","date_gmt":"2025-06-12T10:09:03","guid":{"rendered":"https:\/\/steritech.lacouleurduzebre.com\/material-de-alquiler-o-de-segunda-mano\/"},"modified":"2025-08-25T09:22:18","modified_gmt":"2025-08-25T07:22:18","slug":"material-de-alquiler-o-de-segunda-mano","status":"publish","type":"page","link":"https:\/\/steritech.lacouleurduzebre.com\/es\/material-de-alquiler-o-de-segunda-mano\/","title":{"rendered":"Material de alquiler o de segunda mano"},"content":{"rendered":"\n<p>Como parte de nuestra <a href=\"https:\/\/steritech.lacouleurduzebre.com\/es\/apoyo-a-su-proyecto\/\">asistencia personalizada<\/a>, ofrecemos varios servicios que te permiten probar nuestras soluciones utilizando equipos de alquiler. Tambi\u00e9n ofrecemos soluciones de segunda mano que han sido actualizadas por nosotros. <\/p>\n\n<div class=\"wp-block-group alignwide is-layout-constrained wp-block-group-is-layout-constrained\">\n<div class=\"wp-block-group alignwide is-style-bords-arrondis has-steritech-bleu-fonce-background-color has-background is-layout-flow wp-container-core-group-is-layout-1aff7ddd wp-block-group-is-layout-flow\" style=\"margin-top:var(--wp--preset--spacing--60);margin-bottom:var(--wp--preset--spacing--60);padding-top:var(--wp--preset--spacing--50);padding-right:var(--wp--preset--spacing--60);padding-bottom:var(--wp--preset--spacing--50);padding-left:var(--wp--preset--spacing--60)\">\n<h2 class=\"wp-block-heading is-style-h2-souligne has-white-color has-text-color has-link-color has-grand-font-size wp-elements-cb63455b5c3f905bfc43cc77d2bc0f37\" id=\"location\" style=\"padding-top:0;padding-bottom:0\">Alquiler de autoclaves<\/h2>\n<\/div>\n\n\n\n<div class=\"wp-block-group is-layout-constrained wp-block-group-is-layout-constrained\">\n<p>Para facilitar la puesta en marcha de su actividad de conservas artesanales, ofrecemos el <a href=\"https:\/\/steritech.lacouleurduzebre.com\/es\/autoclave-electrico-pequeno-goutstave\/\">Go\u00fbt\u2019stave <\/a>en alquiler. Durante la instalaci\u00f3n, le ofrecemos un acompa\u00f1amiento completo, que incluye la puesta en marcha del equipo y la formaci\u00f3n de su equipo para que pueda utilizar el autoclave de forma aut\u00f3noma. <\/p>\n\n\n\n<p>El alquiler de autoclaves tambi\u00e9n es ideal para satisfacer necesidades puntuales, ya que le permite probar su producci\u00f3n <strong><mark style=\"background-color:rgba(0, 0, 0, 0)\" class=\"has-inline-color has-steritech-bleu-fonce-color\">sin compromiso de compra inmediata.<\/mark><\/strong><\/p>\n\n\n\n<p>Adaptamos nuestros contratos de alquiler a sus necesidades espec\u00edficas, con la posibilidad de <strong><mark style=\"background-color:rgba(0, 0, 0, 0)\" class=\"has-inline-color has-steritech-bleu-fonce-color\">optar por una adquisici\u00f3n definitiva<\/mark><\/strong> si as\u00ed lo requiere.<\/p>\n\n\n\n<div style=\"height:33px\" aria-hidden=\"true\" class=\"wp-block-spacer\"><\/div>\n<\/div>\n\n\n\n<div class=\"wp-block-group is-style-default has-white-background-color has-background is-layout-flow wp-container-core-group-is-layout-19c37727 wp-block-group-is-layout-flow\" style=\"margin-top:0;margin-bottom:0;padding-top:var(--wp--preset--spacing--50);padding-right:0;padding-bottom:var(--wp--preset--spacing--50);padding-left:0\">\n<div class=\"wp-block-columns is-layout-flex wp-container-core-columns-is-layout-28f84493 wp-block-columns-is-layout-flex\">\n<div class=\"wp-block-column is-layout-flow wp-block-column-is-layout-flow\" style=\"flex-basis:25%\"><\/div>\n\n\n\n<div class=\"wp-block-column is-layout-flow wp-block-column-is-layout-flow\" style=\"flex-basis:50%\">\n<div class=\"wp-block-group is-style-bords-arrondis has-steritech-vert-background-color has-background is-layout-constrained wp-block-group-is-layout-constrained\" style=\"padding-top:var(--wp--preset--spacing--50);padding-bottom:var(--wp--preset--spacing--50)\">\n<h2 class=\"wp-block-heading has-text-align-center is-style-default has-steritech-bleu-fonce-color has-text-color has-link-color has-moyen-font-size wp-elements-be8f585c22d7f3ce44abb5000cefaf06\"><strong>\u00bfLe gustar\u00eda alquilar un autoclave?<\/strong><\/h2>\n\n\n\n<div class=\"wp-block-buttons is-horizontal is-content-justification-center is-layout-flex wp-container-core-buttons-is-layout-e1a8c94f wp-block-buttons-is-layout-flex\" style=\"padding-top:0;padding-bottom:0\">\n<div class=\"wp-block-button is-style-btn-secondary\"><a class=\"wp-block-button__link wp-element-button\" href=\"https:\/\/steritech.lacouleurduzebre.com\/es\/contacta-con-nosotros\/\">\u00a1Solicite un presupuesto!<\/a><\/div>\n<\/div>\n<\/div>\n<\/div>\n\n\n\n<div class=\"wp-block-column is-layout-flow wp-block-column-is-layout-flow\" style=\"flex-basis:25%\"><\/div>\n<\/div>\n<\/div>\n\n\n\n<div class=\"wp-block-cover has-parallax\" style=\"min-height:484px;aspect-ratio:unset;\"><div class=\"wp-block-cover__image-background wp-image-5530 has-parallax\" style=\"background-position:50% 50%;background-image:url(https:\/\/steritech.lacouleurduzebre.com\/wp-content\/uploads\/2025\/06\/Goutstave-a-Saverne-68-1.jpg)\"><\/div><span aria-hidden=\"true\" class=\"wp-block-cover__background has-white-background-color has-background-dim-10 has-background-dim\"><\/span><div class=\"wp-block-cover__inner-container is-layout-constrained wp-block-cover-is-layout-constrained\">\n<p class=\"has-text-align-center has-large-font-size\"><\/p>\n<\/div><\/div>\n<\/div>\n\n<div class=\"wp-block-group alignwide is-layout-constrained wp-block-group-is-layout-constrained\">\n<div class=\"wp-block-group alignwide is-style-bords-arrondis has-steritech-bleu-fonce-background-color has-background is-layout-flow wp-container-core-group-is-layout-1aff7ddd wp-block-group-is-layout-flow\" style=\"margin-top:var(--wp--preset--spacing--60);margin-bottom:var(--wp--preset--spacing--60);padding-top:var(--wp--preset--spacing--50);padding-right:var(--wp--preset--spacing--60);padding-bottom:var(--wp--preset--spacing--50);padding-left:var(--wp--preset--spacing--60)\">\n<h2 class=\"wp-block-heading is-style-h2-souligne has-white-color has-text-color has-link-color has-grand-font-size wp-elements-b6c64efe3ff654e518edabd8e64ad33a\" id=\"occasion\" style=\"padding-top:0;padding-bottom:0\">Equipos de Segunda Mano<\/h2>\n<\/div>\n\n\n\n<div class=\"wp-block-group is-layout-constrained wp-block-group-is-layout-constrained\">\n<div class=\"wp-block-columns is-layout-flex wp-container-core-columns-is-layout-28f84493 wp-block-columns-is-layout-flex\">\n<div class=\"wp-block-column is-layout-flow wp-block-column-is-layout-flow\" style=\"flex-basis:40%\">\n<figure class=\"wp-block-image size-large is-style-bords-arrondis\"><img loading=\"lazy\" decoding=\"async\" width=\"1024\" height=\"683\" src=\"https:\/\/steritech.lacouleurduzebre.com\/wp-content\/uploads\/2025\/06\/Goutstave-a-Saverne-214-1024x683.jpg\" alt=\"\" class=\"wp-image-5518\" srcset=\"https:\/\/steritech.lacouleurduzebre.com\/wp-content\/uploads\/2025\/06\/Goutstave-a-Saverne-214-1024x683.jpg 1024w, https:\/\/steritech.lacouleurduzebre.com\/wp-content\/uploads\/2025\/06\/Goutstave-a-Saverne-214-300x200.jpg 300w, https:\/\/steritech.lacouleurduzebre.com\/wp-content\/uploads\/2025\/06\/Goutstave-a-Saverne-214-768x512.jpg 768w, https:\/\/steritech.lacouleurduzebre.com\/wp-content\/uploads\/2025\/06\/Goutstave-a-Saverne-214-1536x1024.jpg 1536w, https:\/\/steritech.lacouleurduzebre.com\/wp-content\/uploads\/2025\/06\/Goutstave-a-Saverne-214.jpg 1920w\" sizes=\"auto, (max-width: 1024px) 100vw, 1024px\" \/><\/figure>\n<\/div>\n\n\n\n<div class=\"wp-block-column is-vertically-aligned-center is-layout-flow wp-block-column-is-layout-flow\" style=\"flex-basis:66.66%\">\n<p style=\"padding-right:0;padding-left:0\">Reacondicionamos nuestros Go\u00fbt\u2019stave para ofrecerle una soluci\u00f3n econ\u00f3mica, garantizando al mismo tiempo un rendimiento fiable y conforme a las normas. Estos autoclaves reacondicionados constituyen una alternativa sostenible sin comprometer la calidad. <\/p>\n\n\n\n<div class=\"wp-block-columns is-layout-flex wp-container-core-columns-is-layout-f0342b05 wp-block-columns-is-layout-flex\" style=\"margin-top:0;margin-bottom:0\">\n<div class=\"wp-block-column is-layout-flow wp-block-column-is-layout-flow\" style=\"flex-basis:10%\">\n<hr class=\"wp-block-separator has-text-color has-steritech-vert-color has-alpha-channel-opacity has-steritech-vert-background-color has-background\"\/>\n<\/div>\n<\/div>\n<\/div>\n<\/div>\n<\/div>\n\n\n\n<div class=\"wp-block-columns is-layout-flex wp-container-core-columns-is-layout-28f84493 wp-block-columns-is-layout-flex\">\n<div class=\"wp-block-column is-layout-flow wp-block-column-is-layout-flow\" style=\"flex-basis:25%\"><\/div>\n\n\n\n<div class=\"wp-block-column is-layout-flow wp-block-column-is-layout-flow\" style=\"flex-basis:50%\">\n<div class=\"wp-block-group is-style-bords-arrondis has-steritech-vert-background-color has-background is-layout-constrained wp-block-group-is-layout-constrained\" style=\"padding-top:var(--wp--preset--spacing--50);padding-bottom:var(--wp--preset--spacing--50)\">\n<h2 class=\"wp-block-heading has-text-align-center is-style-default has-steritech-bleu-fonce-color has-text-color has-link-color has-moyen-font-size wp-elements-00710755f5c142cedcc9136b367a0b53\"><strong>\u00bfTe interesa nuestra maquinaria usada?<\/strong><\/h2>\n\n\n\n<div class=\"wp-block-buttons is-horizontal is-content-justification-center is-layout-flex wp-container-core-buttons-is-layout-e1a8c94f wp-block-buttons-is-layout-flex\" style=\"padding-top:0;padding-bottom:0\">\n<div class=\"wp-block-button is-style-btn-secondary\"><a class=\"wp-block-button__link wp-element-button\" href=\"https:\/\/steritech.lacouleurduzebre.com\/es\/equipos-piloto-alquiler-de-segunda-mano\/#catalogue-occasion\">\u00a1echa un vistazo a nuestro cat\u00e1logo!<\/a><\/div>\n<\/div>\n<\/div>\n<\/div>\n\n\n\n<div class=\"wp-block-column is-layout-flow wp-block-column-is-layout-flow\" style=\"flex-basis:25%\"><\/div>\n<\/div>\n\n\n\n<div style=\"height:50px\" aria-hidden=\"true\" class=\"wp-block-spacer\"><\/div>\n<\/div>\n","protected":false},"excerpt":{"rendered":"<p>Como parte de nuestra asistencia personalizada, ofrecemos varios servicios que te permiten probar nuestras soluciones utilizando equipos de alquiler. Tambi\u00e9n ofrecemos soluciones de segunda mano que han sido actualizadas por nosotros. Alquiler de autoclaves Para facilitar la puesta en marcha de su actividad de conservas artesanales, ofrecemos el Go\u00fbt\u2019stave en alquiler. Durante la instalaci\u00f3n, le [&hellip;]<\/p>\n","protected":false},"author":7,"featured_media":1719,"parent":0,"menu_order":0,"comment_status":"closed","ping_status":"closed","template":"","meta":{"_acf_changed":false,"footnotes":""},"folder":[86],"class_list":["post-8128","page","type-page","status-publish","has-post-thumbnail","hentry"],"acf":[],"yoast_head":"<!-- This site is optimized with the Yoast SEO plugin v27.2 - https:\/\/yoast.com\/product\/yoast-seo-wordpress\/ -->\n<title>Material de alquiler o de segunda mano - Steritech<\/title>\n<meta name=\"robots\" content=\"index, follow, max-snippet:-1, max-image-preview:large, max-video-preview:-1\" \/>\n<link rel=\"canonical\" href=\"https:\/\/steritech.lacouleurduzebre.com\/es\/material-de-alquiler-o-de-segunda-mano\/\" \/>\n<meta property=\"og:locale\" content=\"es_ES\" \/>\n<meta property=\"og:type\" content=\"article\" \/>\n<meta property=\"og:title\" content=\"Material de alquiler o de segunda mano - Steritech\" \/>\n<meta property=\"og:description\" content=\"Como parte de nuestra asistencia personalizada, ofrecemos varios servicios que te permiten probar nuestras soluciones utilizando equipos de alquiler. Tambi\u00e9n ofrecemos soluciones de segunda mano que han sido actualizadas por nosotros. Alquiler de autoclaves Para facilitar la puesta en marcha de su actividad de conservas artesanales, ofrecemos el Go\u00fbt\u2019stave en alquiler. Durante la instalaci\u00f3n, le [&hellip;]\" \/>\n<meta property=\"og:url\" content=\"https:\/\/steritech.lacouleurduzebre.com\/es\/material-de-alquiler-o-de-segunda-mano\/\" \/>\n<meta property=\"og:site_name\" content=\"Steritech\" \/>\n<meta property=\"article:modified_time\" content=\"2025-08-25T07:22:18+00:00\" \/>\n<meta property=\"og:image\" content=\"https:\/\/steritech.lacouleurduzebre.com\/wp-content\/uploads\/2024\/10\/IMG_20240725_101945-scaled.jpg\" \/>\n\t<meta property=\"og:image:width\" content=\"2560\" \/>\n\t<meta property=\"og:image:height\" content=\"1920\" \/>\n\t<meta property=\"og:image:type\" content=\"image\/jpeg\" \/>\n<meta name=\"twitter:card\" content=\"summary_large_image\" \/>\n<meta name=\"twitter:label1\" content=\"Tiempo de lectura\" \/>\n\t<meta name=\"twitter:data1\" content=\"1 minuto\" \/>\n<script type=\"application\/ld+json\" class=\"yoast-schema-graph\">{\"@context\":\"https:\/\/schema.org\",\"@graph\":[{\"@type\":\"WebPage\",\"@id\":\"https:\/\/steritech.lacouleurduzebre.com\/es\/material-de-alquiler-o-de-segunda-mano\/\",\"url\":\"https:\/\/steritech.lacouleurduzebre.com\/es\/material-de-alquiler-o-de-segunda-mano\/\",\"name\":\"Material de alquiler o de segunda mano - Steritech\",\"isPartOf\":{\"@id\":\"https:\/\/steritech.lacouleurduzebre.com\/es\/#website\"},\"primaryImageOfPage\":{\"@id\":\"https:\/\/steritech.lacouleurduzebre.com\/es\/material-de-alquiler-o-de-segunda-mano\/#primaryimage\"},\"image\":{\"@id\":\"https:\/\/steritech.lacouleurduzebre.com\/es\/material-de-alquiler-o-de-segunda-mano\/#primaryimage\"},\"thumbnailUrl\":\"https:\/\/steritech.lacouleurduzebre.com\/wp-content\/uploads\/2024\/10\/IMG_20240725_101945-scaled.jpg\",\"datePublished\":\"2025-06-12T10:09:03+00:00\",\"dateModified\":\"2025-08-25T07:22:18+00:00\",\"breadcrumb\":{\"@id\":\"https:\/\/steritech.lacouleurduzebre.com\/es\/material-de-alquiler-o-de-segunda-mano\/#breadcrumb\"},\"inLanguage\":\"es\",\"potentialAction\":[{\"@type\":\"ReadAction\",\"target\":[\"https:\/\/steritech.lacouleurduzebre.com\/es\/material-de-alquiler-o-de-segunda-mano\/\"]}]},{\"@type\":\"ImageObject\",\"inLanguage\":\"es\",\"@id\":\"https:\/\/steritech.lacouleurduzebre.com\/es\/material-de-alquiler-o-de-segunda-mano\/#primaryimage\",\"url\":\"https:\/\/steritech.lacouleurduzebre.com\/wp-content\/uploads\/2024\/10\/IMG_20240725_101945-scaled.jpg\",\"contentUrl\":\"https:\/\/steritech.lacouleurduzebre.com\/wp-content\/uploads\/2024\/10\/IMG_20240725_101945-scaled.jpg\",\"width\":2560,\"height\":1920},{\"@type\":\"BreadcrumbList\",\"@id\":\"https:\/\/steritech.lacouleurduzebre.com\/es\/material-de-alquiler-o-de-segunda-mano\/#breadcrumb\",\"itemListElement\":[{\"@type\":\"ListItem\",\"position\":1,\"name\":\"P\u00e1gina principal\",\"item\":\"https:\/\/steritech.lacouleurduzebre.com\/es\/\"},{\"@type\":\"ListItem\",\"position\":2,\"name\":\"Material de alquiler o de segunda mano\"}]},{\"@type\":\"WebSite\",\"@id\":\"https:\/\/steritech.lacouleurduzebre.com\/es\/#website\",\"url\":\"https:\/\/steritech.lacouleurduzebre.com\/es\/\",\"name\":\"Steritech\",\"description\":\"Smart preservation\",\"publisher\":{\"@id\":\"https:\/\/steritech.lacouleurduzebre.com\/es\/#organization\"},\"potentialAction\":[{\"@type\":\"SearchAction\",\"target\":{\"@type\":\"EntryPoint\",\"urlTemplate\":\"https:\/\/steritech.lacouleurduzebre.com\/es\/?s={search_term_string}\"},\"query-input\":{\"@type\":\"PropertyValueSpecification\",\"valueRequired\":true,\"valueName\":\"search_term_string\"}}],\"inLanguage\":\"es\"},{\"@type\":\"Organization\",\"@id\":\"https:\/\/steritech.lacouleurduzebre.com\/es\/#organization\",\"name\":\"Steritech\",\"url\":\"https:\/\/steritech.lacouleurduzebre.com\/es\/\",\"logo\":{\"@type\":\"ImageObject\",\"inLanguage\":\"es\",\"@id\":\"https:\/\/steritech.lacouleurduzebre.com\/es\/#\/schema\/logo\/image\/\",\"url\":\"https:\/\/steritech.lacouleurduzebre.com\/wp-content\/uploads\/2024\/06\/Logo-Steritech-texte.svg\",\"contentUrl\":\"https:\/\/steritech.lacouleurduzebre.com\/wp-content\/uploads\/2024\/06\/Logo-Steritech-texte.svg\",\"caption\":\"Steritech\"},\"image\":{\"@id\":\"https:\/\/steritech.lacouleurduzebre.com\/es\/#\/schema\/logo\/image\/\"}}]}<\/script>\n<!-- \/ Yoast SEO plugin. -->","yoast_head_json":{"title":"Material de alquiler o de segunda mano - Steritech","robots":{"index":"index","follow":"follow","max-snippet":"max-snippet:-1","max-image-preview":"max-image-preview:large","max-video-preview":"max-video-preview:-1"},"canonical":"https:\/\/steritech.lacouleurduzebre.com\/es\/material-de-alquiler-o-de-segunda-mano\/","og_locale":"es_ES","og_type":"article","og_title":"Material de alquiler o de segunda mano - Steritech","og_description":"Como parte de nuestra asistencia personalizada, ofrecemos varios servicios que te permiten probar nuestras soluciones utilizando equipos de alquiler. Tambi\u00e9n ofrecemos soluciones de segunda mano que han sido actualizadas por nosotros. Alquiler de autoclaves Para facilitar la puesta en marcha de su actividad de conservas artesanales, ofrecemos el Go\u00fbt\u2019stave en alquiler. Durante la instalaci\u00f3n, le [&hellip;]","og_url":"https:\/\/steritech.lacouleurduzebre.com\/es\/material-de-alquiler-o-de-segunda-mano\/","og_site_name":"Steritech","article_modified_time":"2025-08-25T07:22:18+00:00","og_image":[{"width":2560,"height":1920,"url":"https:\/\/steritech.lacouleurduzebre.com\/wp-content\/uploads\/2024\/10\/IMG_20240725_101945-scaled.jpg","type":"image\/jpeg"}],"twitter_card":"summary_large_image","twitter_misc":{"Tiempo de lectura":"1 minuto"},"schema":{"@context":"https:\/\/schema.org","@graph":[{"@type":"WebPage","@id":"https:\/\/steritech.lacouleurduzebre.com\/es\/material-de-alquiler-o-de-segunda-mano\/","url":"https:\/\/steritech.lacouleurduzebre.com\/es\/material-de-alquiler-o-de-segunda-mano\/","name":"Material de alquiler o de segunda mano - Steritech","isPartOf":{"@id":"https:\/\/steritech.lacouleurduzebre.com\/es\/#website"},"primaryImageOfPage":{"@id":"https:\/\/steritech.lacouleurduzebre.com\/es\/material-de-alquiler-o-de-segunda-mano\/#primaryimage"},"image":{"@id":"https:\/\/steritech.lacouleurduzebre.com\/es\/material-de-alquiler-o-de-segunda-mano\/#primaryimage"},"thumbnailUrl":"https:\/\/steritech.lacouleurduzebre.com\/wp-content\/uploads\/2024\/10\/IMG_20240725_101945-scaled.jpg","datePublished":"2025-06-12T10:09:03+00:00","dateModified":"2025-08-25T07:22:18+00:00","breadcrumb":{"@id":"https:\/\/steritech.lacouleurduzebre.com\/es\/material-de-alquiler-o-de-segunda-mano\/#breadcrumb"},"inLanguage":"es","potentialAction":[{"@type":"ReadAction","target":["https:\/\/steritech.lacouleurduzebre.com\/es\/material-de-alquiler-o-de-segunda-mano\/"]}]},{"@type":"ImageObject","inLanguage":"es","@id":"https:\/\/steritech.lacouleurduzebre.com\/es\/material-de-alquiler-o-de-segunda-mano\/#primaryimage","url":"https:\/\/steritech.lacouleurduzebre.com\/wp-content\/uploads\/2024\/10\/IMG_20240725_101945-scaled.jpg","contentUrl":"https:\/\/steritech.lacouleurduzebre.com\/wp-content\/uploads\/2024\/10\/IMG_20240725_101945-scaled.jpg","width":2560,"height":1920},{"@type":"BreadcrumbList","@id":"https:\/\/steritech.lacouleurduzebre.com\/es\/material-de-alquiler-o-de-segunda-mano\/#breadcrumb","itemListElement":[{"@type":"ListItem","position":1,"name":"P\u00e1gina principal","item":"https:\/\/steritech.lacouleurduzebre.com\/es\/"},{"@type":"ListItem","position":2,"name":"Material de alquiler o de segunda mano"}]},{"@type":"WebSite","@id":"https:\/\/steritech.lacouleurduzebre.com\/es\/#website","url":"https:\/\/steritech.lacouleurduzebre.com\/es\/","name":"Steritech","description":"Smart preservation","publisher":{"@id":"https:\/\/steritech.lacouleurduzebre.com\/es\/#organization"},"potentialAction":[{"@type":"SearchAction","target":{"@type":"EntryPoint","urlTemplate":"https:\/\/steritech.lacouleurduzebre.com\/es\/?s={search_term_string}"},"query-input":{"@type":"PropertyValueSpecification","valueRequired":true,"valueName":"search_term_string"}}],"inLanguage":"es"},{"@type":"Organization","@id":"https:\/\/steritech.lacouleurduzebre.com\/es\/#organization","name":"Steritech","url":"https:\/\/steritech.lacouleurduzebre.com\/es\/","logo":{"@type":"ImageObject","inLanguage":"es","@id":"https:\/\/steritech.lacouleurduzebre.com\/es\/#\/schema\/logo\/image\/","url":"https:\/\/steritech.lacouleurduzebre.com\/wp-content\/uploads\/2024\/06\/Logo-Steritech-texte.svg","contentUrl":"https:\/\/steritech.lacouleurduzebre.com\/wp-content\/uploads\/2024\/06\/Logo-Steritech-texte.svg","caption":"Steritech"},"image":{"@id":"https:\/\/steritech.lacouleurduzebre.com\/es\/#\/schema\/logo\/image\/"}}]}},"_links":{"self":[{"href":"https:\/\/steritech.lacouleurduzebre.com\/es\/wp-json\/wp\/v2\/pages\/8128","targetHints":{"allow":["GET"]}}],"collection":[{"href":"https:\/\/steritech.lacouleurduzebre.com\/es\/wp-json\/wp\/v2\/pages"}],"about":[{"href":"https:\/\/steritech.lacouleurduzebre.com\/es\/wp-json\/wp\/v2\/types\/page"}],"author":[{"embeddable":true,"href":"https:\/\/steritech.lacouleurduzebre.com\/es\/wp-json\/wp\/v2\/users\/7"}],"replies":[{"embeddable":true,"href":"https:\/\/steritech.lacouleurduzebre.com\/es\/wp-json\/wp\/v2\/comments?post=8128"}],"version-history":[{"count":0,"href":"https:\/\/steritech.lacouleurduzebre.com\/es\/wp-json\/wp\/v2\/pages\/8128\/revisions"}],"wp:featuredmedia":[{"embeddable":true,"href":"https:\/\/steritech.lacouleurduzebre.com\/es\/wp-json\/wp\/v2\/media\/1719"}],"wp:attachment":[{"href":"https:\/\/steritech.lacouleurduzebre.com\/es\/wp-json\/wp\/v2\/media?parent=8128"}],"wp:term":[{"taxonomy":"folder","embeddable":true,"href":"https:\/\/steritech.lacouleurduzebre.com\/es\/wp-json\/wp\/v2\/folder?post=8128"}],"curies":[{"name":"wp","href":"https:\/\/api.w.org\/{rel}","templated":true}]}}